{"id":211,"date":"2025-08-12T14:04:18","date_gmt":"2025-08-12T12:04:18","guid":{"rendered":"http:\/\/lestherapiesdeugenie.com\/?page_id=211"},"modified":"2025-09-24T14:40:17","modified_gmt":"2025-09-24T12:40:17","slug":"contact","status":"publish","type":"page","link":"http:\/\/lestherapiesdeugenie.com\/?page_id=211","title":{"rendered":"Contact"},"content":{"rendered":"\t\t<div data-elementor-type=\"wp-page\" data-elementor-id=\"211\" class=\"elementor elementor-211\">\n\t\t\t\t<div class=\"elementor-element elementor-element-3c2f5a0 e-flex e-con-boxed wpr-particle-no wpr-jarallax-no wpr-parallax-no wpr-sticky-section-no e-con e-parent\" data-id=\"3c2f5a0\" data-element_type=\"container\" data-settings=\"{&quot;background_background&quot;:&quot;classic&quot;}\">\n\t\t\t\t\t<div class=\"e-con-inner\">\n\t\t\t\t\t<\/div>\n\t\t\t\t<\/div>\n\t\t<div class=\"elementor-element elementor-element-3c24d3a e-flex e-con-boxed wpr-particle-no wpr-jarallax-no wpr-parallax-no wpr-sticky-section-no e-con e-parent\" data-id=\"3c24d3a\" data-element_type=\"container\">\n\t\t\t\t\t<div class=\"e-con-inner\">\n\t\t<div class=\"elementor-element elementor-element-b39c993 e-con-full e-flex wpr-particle-no wpr-jarallax-no wpr-parallax-no wpr-sticky-section-no e-con e-child\" data-id=\"b39c993\" data-element_type=\"container\">\n\t\t\t\t<div class=\"elementor-element elementor-element-d4c0900 elementor-widget elementor-widget-heading\" data-id=\"d4c0900\" data-element_type=\"widget\" data-widget_type=\"heading.default\">\n\t\t\t\t<div class=\"elementor-widget-container\">\n\t\t\t\t\t<h2 class=\"elementor-heading-title elementor-size-default\">\u00c9changeons ensemble pour trouver l\u2019accompagnement qui vous correspond<\/h2>\t\t\t\t<\/div>\n\t\t\t\t<\/div>\n\t\t\t\t<div class=\"elementor-element elementor-element-65f78c9 elementor-widget elementor-widget-text-editor\" data-id=\"65f78c9\" data-element_type=\"widget\" data-widget_type=\"text-editor.default\">\n\t\t\t\t<div class=\"elementor-widget-container\">\n\t\t\t\t\t\t\t\t\t<p data-start=\"318\" data-end=\"530\">Vous souhaitez r\u00e9server une s\u00e9ance ou obtenir plus d\u2019informations sur mes prestations ?<\/p><p data-start=\"318\" data-end=\"530\">Je suis \u00e0 votre \u00e9coute pour r\u00e9pondre \u00e0 vos questions et vous orienter vers l\u2019approche la plus adapt\u00e9e \u00e0 votre situation.<\/p><p data-start=\"532\" data-end=\"676\">Chaque s\u00e9ance se d\u00e9roule <strong data-start=\"557\" data-end=\"587\">uniquement sur rendez-vous<\/strong>, afin de vous offrir un temps enti\u00e8rement d\u00e9di\u00e9, dans un cadre serein et confidentiel.<\/p>\t\t\t\t\t\t\t\t<\/div>\n\t\t\t\t<\/div>\n\t\t\t\t<\/div>\n\t\t<div class=\"elementor-element elementor-element-c3e84c5 e-con-full e-flex wpr-particle-no wpr-jarallax-no wpr-parallax-no wpr-sticky-section-no e-con e-child\" data-id=\"c3e84c5\" data-element_type=\"container\">\n\t\t<div class=\"elementor-element elementor-element-4d2a620 e-con-full e-flex wpr-particle-no wpr-jarallax-no wpr-parallax-no wpr-sticky-section-no e-con e-child\" data-id=\"4d2a620\" data-element_type=\"container\">\n\t\t\t\t<div class=\"elementor-element elementor-element-55726af elementor-widget elementor-widget-heading\" data-id=\"55726af\" data-element_type=\"widget\" data-widget_type=\"heading.default\">\n\t\t\t\t<div class=\"elementor-widget-container\">\n\t\t\t\t\t<h3 class=\"elementor-heading-title elementor-size-default\">Comment me contacter<\/h3>\t\t\t\t<\/div>\n\t\t\t\t<\/div>\n\t\t\t\t<div class=\"elementor-element elementor-element-ca3d83d elementor-icon-list--layout-traditional elementor-list-item-link-full_width elementor-widget elementor-widget-icon-list\" data-id=\"ca3d83d\" data-element_type=\"widget\" data-widget_type=\"icon-list.default\">\n\t\t\t\t<div class=\"elementor-widget-container\">\n\t\t\t\t\t\t\t<ul class=\"elementor-icon-list-items\">\n\t\t\t\t\t\t\t<li class=\"elementor-icon-list-item\">\n\t\t\t\t\t\t\t\t\t\t\t<a href=\"sms:0611881802\">\n\n\t\t\t\t\t\t\t\t\t\t\t\t<span class=\"elementor-icon-list-icon\">\n\t\t\t\t\t\t\t<svg aria-hidden=\"true\" class=\"e-font-icon-svg e-fas-phone-alt\" viewBox=\"0 0 512 512\" xmlns=\"http:\/\/www.w3.org\/2000\/svg\"><path d=\"M497.39 361.8l-112-48a24 24 0 0 0-28 6.9l-49.6 60.6A370.66 370.66 0 0 1 130.6 204.11l60.6-49.6a23.94 23.94 0 0 0 6.9-28l-48-112A24.16 24.16 0 0 0 122.6.61l-104 24A24 24 0 0 0 0 48c0 256.5 207.9 464 464 464a24 24 0 0 0 23.4-18.6l24-104a24.29 24.29 0 0 0-14.01-27.6z\"><\/path><\/svg>\t\t\t\t\t\t<\/span>\n\t\t\t\t\t\t\t\t\t\t<span class=\"elementor-icon-list-text\">T\u00e9l\u00e9phone : 06 11 88 18 02<\/span>\n\t\t\t\t\t\t\t\t\t\t\t<\/a>\n\t\t\t\t\t\t\t\t\t<\/li>\n\t\t\t\t\t\t\t\t<li class=\"elementor-icon-list-item\">\n\t\t\t\t\t\t\t\t\t\t\t<a href=\"mailto:eugenie.kinesiologie13@gmail.com\">\n\n\t\t\t\t\t\t\t\t\t\t\t\t<span class=\"elementor-icon-list-icon\">\n\t\t\t\t\t\t\t<svg aria-hidden=\"true\" class=\"e-font-icon-svg e-fas-envelope\" viewBox=\"0 0 512 512\" xmlns=\"http:\/\/www.w3.org\/2000\/svg\"><path d=\"M502.3 190.8c3.9-3.1 9.7-.2 9.7 4.7V400c0 26.5-21.5 48-48 48H48c-26.5 0-48-21.5-48-48V195.6c0-5 5.7-7.8 9.7-4.7 22.4 17.4 52.1 39.5 154.1 113.6 21.1 15.4 56.7 47.8 92.2 47.6 35.7.3 72-32.8 92.3-47.6 102-74.1 131.6-96.3 154-113.7zM256 320c23.2.4 56.6-29.2 73.4-41.4 132.7-96.3 142.8-104.7 173.4-128.7 5.8-4.5 9.2-11.5 9.2-18.9v-19c0-26.5-21.5-48-48-48H48C21.5 64 0 85.5 0 112v19c0 7.4 3.4 14.3 9.2 18.9 30.6 23.9 40.7 32.4 173.4 128.7 16.8 12.2 50.2 41.8 73.4 41.4z\"><\/path><\/svg>\t\t\t\t\t\t<\/span>\n\t\t\t\t\t\t\t\t\t\t<span class=\"elementor-icon-list-text\">E-mail : eugenie.kinesiologie13@gmail.com<\/span>\n\t\t\t\t\t\t\t\t\t\t\t<\/a>\n\t\t\t\t\t\t\t\t\t<\/li>\n\t\t\t\t\t\t<\/ul>\n\t\t\t\t\t\t<\/div>\n\t\t\t\t<\/div>\n\t\t\t\t<\/div>\n\t\t<div class=\"elementor-element elementor-element-0943caa e-con-full e-flex wpr-particle-no wpr-jarallax-no wpr-parallax-no wpr-sticky-section-no e-con e-child\" data-id=\"0943caa\" data-element_type=\"container\">\n\t\t\t\t<div class=\"elementor-element elementor-element-7d0847e elementor-widget elementor-widget-heading\" data-id=\"7d0847e\" data-element_type=\"widget\" data-widget_type=\"heading.default\">\n\t\t\t\t<div class=\"elementor-widget-container\">\n\t\t\t\t\t<h3 class=\"elementor-heading-title elementor-size-default\">O\u00f9 je vous re\u00e7ois<\/h3>\t\t\t\t<\/div>\n\t\t\t\t<\/div>\n\t\t\t\t<div class=\"elementor-element elementor-element-4bf5ed4 elementor-icon-list--layout-traditional elementor-list-item-link-full_width elementor-widget elementor-widget-icon-list\" data-id=\"4bf5ed4\" data-element_type=\"widget\" data-widget_type=\"icon-list.default\">\n\t\t\t\t<div class=\"elementor-widget-container\">\n\t\t\t\t\t\t\t<ul class=\"elementor-icon-list-items\">\n\t\t\t\t\t\t\t<li class=\"elementor-icon-list-item\">\n\t\t\t\t\t\t\t\t\t\t\t<span class=\"elementor-icon-list-icon\">\n\t\t\t\t\t\t\t<svg aria-hidden=\"true\" class=\"e-font-icon-svg e-fas-building\" viewBox=\"0 0 448 512\" xmlns=\"http:\/\/www.w3.org\/2000\/svg\"><path d=\"M436 480h-20V24c0-13.255-10.745-24-24-24H56C42.745 0 32 10.745 32 24v456H12c-6.627 0-12 5.373-12 12v20h448v-20c0-6.627-5.373-12-12-12zM128 76c0-6.627 5.373-12 12-12h40c6.627 0 12 5.373 12 12v40c0 6.627-5.373 12-12 12h-40c-6.627 0-12-5.373-12-12V76zm0 96c0-6.627 5.373-12 12-12h40c6.627 0 12 5.373 12 12v40c0 6.627-5.373 12-12 12h-40c-6.627 0-12-5.373-12-12v-40zm52 148h-40c-6.627 0-12-5.373-12-12v-40c0-6.627 5.373-12 12-12h40c6.627 0 12 5.373 12 12v40c0 6.627-5.373 12-12 12zm76 160h-64v-84c0-6.627 5.373-12 12-12h40c6.627 0 12 5.373 12 12v84zm64-172c0 6.627-5.373 12-12 12h-40c-6.627 0-12-5.373-12-12v-40c0-6.627 5.373-12 12-12h40c6.627 0 12 5.373 12 12v40zm0-96c0 6.627-5.373 12-12 12h-40c-6.627 0-12-5.373-12-12v-40c0-6.627 5.373-12 12-12h40c6.627 0 12 5.373 12 12v40zm0-96c0 6.627-5.373 12-12 12h-40c-6.627 0-12-5.373-12-12V76c0-6.627 5.373-12 12-12h40c6.627 0 12 5.373 12 12v40z\"><\/path><\/svg>\t\t\t\t\t\t<\/span>\n\t\t\t\t\t\t\t\t\t\t<span class=\"elementor-icon-list-text\">Cabinet : Espace Yogavana, <BR>4 avenue de la P\u00e9tanque, 13600 La Ciotat<\/span>\n\t\t\t\t\t\t\t\t\t<\/li>\n\t\t\t\t\t\t\t\t<li class=\"elementor-icon-list-item\">\n\t\t\t\t\t\t\t\t\t\t\t<a href=\"mailto:eugenie.kinesiologie13@gmail.com\">\n\n\t\t\t\t\t\t\t\t\t\t\t\t<span class=\"elementor-icon-list-icon\">\n\t\t\t\t\t\t\t<svg aria-hidden=\"true\" class=\"e-font-icon-svg e-fas-home\" viewBox=\"0 0 576 512\" xmlns=\"http:\/\/www.w3.org\/2000\/svg\"><path d=\"M280.37 148.26L96 300.11V464a16 16 0 0 0 16 16l112.06-.29a16 16 0 0 0 15.92-16V368a16 16 0 0 1 16-16h64a16 16 0 0 1 16 16v95.64a16 16 0 0 0 16 16.05L464 480a16 16 0 0 0 16-16V300L295.67 148.26a12.19 12.19 0 0 0-15.3 0zM571.6 251.47L488 182.56V44.05a12 12 0 0 0-12-12h-56a12 12 0 0 0-12 12v72.61L318.47 43a48 48 0 0 0-61 0L4.34 251.47a12 12 0 0 0-1.6 16.9l25.5 31A12 12 0 0 0 45.15 301l235.22-193.74a12.19 12.19 0 0 1 15.3 0L530.9 301a12 12 0 0 0 16.9-1.6l25.5-31a12 12 0 0 0-1.7-16.93z\"><\/path><\/svg>\t\t\t\t\t\t<\/span>\n\t\t\t\t\t\t\t\t\t\t<span class=\"elementor-icon-list-text\">Domicile : Je me d\u00e9place \u00e0 votre domicile<\/span>\n\t\t\t\t\t\t\t\t\t\t\t<\/a>\n\t\t\t\t\t\t\t\t\t<\/li>\n\t\t\t\t\t\t<\/ul>\n\t\t\t\t\t\t<\/div>\n\t\t\t\t<\/div>\n\t\t\t\t<\/div>\n\t\t\t\t<\/div>\n\t\t\t\t\t<\/div>\n\t\t\t\t<\/div>\n\t\t<div class=\"elementor-element elementor-element-65bc653 e-flex e-con-boxed wpr-particle-no wpr-jarallax-no wpr-parallax-no wpr-sticky-section-no e-con e-parent\" data-id=\"65bc653\" data-element_type=\"container\">\n\t\t\t\t\t<div class=\"e-con-inner\">\n\t\t\t\t<div class=\"elementor-element elementor-element-0b78737 elementor-widget elementor-widget-wpr-business-hours\" data-id=\"0b78737\" data-element_type=\"widget\" data-widget_type=\"wpr-business-hours.default\">\n\t\t\t\t<div class=\"elementor-widget-container\">\n\t\t\t\t\t\n\t\t<div class=\"wpr-business-hours\">\n\n\t\t\t\t\t\t\t\n\t\t\t\t<div class=\"wpr-business-hours-item elementor-repeater-item-0bd9e6a\">\n\n\t\t\t\t\t\t\n\t\t\t\t\t<span class=\"wpr-business-day\">\n\t\t\t\t\t\t\t\t\t\t\t\tLundi\t\t\t\t\t<\/span>\n\t\t\t\t\t\n\t\t\t\t\t\t\n\t\t\t\t\t<span class=\"wpr-business-time\">08h00 \u00e0 19h30<\/span>\n\t\t\t\t\t\n\t\t\t\t<\/div>\n\n\t\t\t\t\t\t\t\t\n\t\t\t\t<div class=\"wpr-business-hours-item elementor-repeater-item-33857c6\">\n\n\t\t\t\t\t\t\n\t\t\t\t\t<span class=\"wpr-business-day\">\n\t\t\t\t\t\t\t\t\t\t\t\tMardi\t\t\t\t\t<\/span>\n\t\t\t\t\t\n\t\t\t\t\t\t\n\t\t\t\t\t<span class=\"wpr-business-time\">08h00 \u00e0 19h30<\/span>\n\t\t\t\t\t\n\t\t\t\t<\/div>\n\n\t\t\t\t\t\t\t\t\n\t\t\t\t<div class=\"wpr-business-hours-item elementor-repeater-item-d95273c\">\n\n\t\t\t\t\t\t\n\t\t\t\t\t<span class=\"wpr-business-day\">\n\t\t\t\t\t\t\t\t\t\t\t\tMercredi \t\t\t\t\t<\/span>\n\t\t\t\t\t\n\t\t\t\t\t\t\n\t\t\t\t\t<span class=\"wpr-business-time\">08h00 \u00e0 19h30<\/span>\n\t\t\t\t\t\n\t\t\t\t<\/div>\n\n\t\t\t\t\t\t\t\t\n\t\t\t\t<div class=\"wpr-business-hours-item elementor-repeater-item-fa23962\">\n\n\t\t\t\t\t\t\n\t\t\t\t\t<span class=\"wpr-business-day\">\n\t\t\t\t\t\t\t\t\t\t\t\tJeudi\t\t\t\t\t<\/span>\n\t\t\t\t\t\n\t\t\t\t\t\t\n\t\t\t\t\t<span class=\"wpr-business-time\">08h00 \u00e0 19h30<\/span>\n\t\t\t\t\t\n\t\t\t\t<\/div>\n\n\t\t\t\t\t\t\t\t\n\t\t\t\t<div class=\"wpr-business-hours-item elementor-repeater-item-3e02863\">\n\n\t\t\t\t\t\t\n\t\t\t\t\t<span class=\"wpr-business-day\">\n\t\t\t\t\t\t\t\t\t\t\t\tVendredi\t\t\t\t\t<\/span>\n\t\t\t\t\t\n\t\t\t\t\t\t\n\t\t\t\t\t<span class=\"wpr-business-time\">08h00 \u00e0 19h30<\/span>\n\t\t\t\t\t\n\t\t\t\t<\/div>\n\n\t\t\t\t\t\t\t\t\n\t\t\t\t<div class=\"wpr-business-hours-item elementor-repeater-item-60ddbd4\">\n\n\t\t\t\t\t\t\n\t\t\t\t\t<span class=\"wpr-business-day\">\n\t\t\t\t\t\t\t\t\t\t\t\tSamedi\t\t\t\t\t<\/span>\n\t\t\t\t\t\n\t\t\t\t\t\t\n\t\t\t\t\t<span class=\"wpr-business-time\">Prise de rendez-vous possible<\/span>\n\t\t\t\t\t\n\t\t\t\t<\/div>\n\n\t\t\t\t\t\t\t\t\n\t\t\t\t<div class=\"wpr-business-hours-item elementor-repeater-item-9504df9\">\n\n\t\t\t\t\t\t\n\t\t\t\t\t<span class=\"wpr-business-day\">\n\t\t\t\t\t\t\t\t\t\t\t\tDimanche\t\t\t\t\t<\/span>\n\t\t\t\t\t\n\t\t\t\t\t\t\n\t\t\t\t\t<span class=\"wpr-business-time\">Prise de rendez-vous possible<\/span>\n\t\t\t\t\t\n\t\t\t\t<\/div>\n\n\t\t\t\t\n\t\t<\/div>\n\t\t\t\t\t\t<\/div>\n\t\t\t\t<\/div>\n\t\t\t\t<div class=\"elementor-element elementor-element-31a510e elementor-widget elementor-widget-google_maps\" data-id=\"31a510e\" data-element_type=\"widget\" data-widget_type=\"google_maps.default\">\n\t\t\t\t<div class=\"elementor-widget-container\">\n\t\t\t\t\t\t\t<div class=\"elementor-custom-embed\">\n\t\t\t<iframe loading=\"lazy\"\n\t\t\t\t\tsrc=\"https:\/\/maps.google.com\/maps?q=4%20avenue%20de%20la%20P%C3%A9tanque&#038;t=m&#038;z=13&#038;output=embed&#038;iwloc=near\"\n\t\t\t\t\ttitle=\"4 avenue de la P\u00e9tanque\"\n\t\t\t\t\taria-label=\"4 avenue de la P\u00e9tanque\"\n\t\t\t><\/iframe>\n\t\t<\/div>\n\t\t\t\t\t\t<\/div>\n\t\t\t\t<\/div>\n\t\t\t\t\t<\/div>\n\t\t\t\t<\/div>\n\t\t\t\t<\/div>\n\t\t","protected":false},"excerpt":{"rendered":"<p>\u00c9changeons ensemble pour trouver l\u2019accompagnement qui vous correspond Vous souhaitez r\u00e9server une s\u00e9ance ou obtenir plus d\u2019informations sur mes prestations ? Je suis \u00e0 votre \u00e9coute pour r\u00e9pondre \u00e0 vos questions et vous orienter vers l\u2019approche la plus adapt\u00e9e \u00e0 votre situation. Chaque s\u00e9ance se d\u00e9roule uniquement sur rendez-vous, afin de vous offrir un temps enti\u00e8rement d\u00e9di\u00e9, dans un cadre serein et confidentiel. Comment me contacter T\u00e9l\u00e9phone : 06 11 88 18 02 E-mail : eugenie.kinesiologie13@gmail.com O\u00f9 je vous re\u00e7ois Cabinet : Espace Yogavana, 4 avenue de la P\u00e9tanque, 13600 La Ciotat Domicile : Je me d\u00e9place \u00e0 votre domicile Lundi 08h00 \u00e0 19h30 Mardi 08h00 \u00e0 19h30 Mercredi 08h00 \u00e0 19h30 Jeudi 08h00 \u00e0 19h30 Vendredi 08h00 \u00e0 19h30 Samedi Prise de rendez-vous possible Dimanche Prise de rendez-vous possible<\/p>\n","protected":false},"author":1,"featured_media":0,"parent":0,"menu_order":0,"comment_status":"closed","ping_status":"closed","template":"","meta":{"site-sidebar-layout":"no-sidebar","site-content-layout":"","ast-site-content-layout":"full-width-container","site-content-style":"default","site-sidebar-style":"default","ast-global-header-display":"","ast-banner-title-visibility":"","ast-main-header-display":"","ast-hfb-above-header-display":"","ast-hfb-below-header-display":"","ast-hfb-mobile-header-display":"","site-post-title":"disabled","ast-breadcrumbs-content":"","ast-featured-img":"disabled","footer-sml-layout":"","theme-transparent-header-meta":"","adv-header-id-meta":"","stick-header-meta":"","header-above-stick-meta":"","header-main-stick-meta":"","header-below-stick-meta":"","astra-migrate-meta-layouts":"default","ast-page-background-enabled":"default","ast-page-background-meta":{"desktop":{"background-color":"var(--ast-global-color-5)","background-image":"","background-repeat":"repeat","background-position":"center center","background-size":"auto","background-attachment":"scroll","background-type":"","background-media":"","overlay-type":"","overlay-color":"","overlay-opacity":"","overlay-gradient":""},"tablet":{"background-color":"","background-image":"","background-repeat":"repeat","background-position":"center center","background-size":"auto","background-attachment":"scroll","background-type":"","background-media":"","overlay-type":"","overlay-color":"","overlay-opacity":"","overlay-gradient":""},"mobile":{"background-color":"","background-image":"","background-repeat":"repeat","background-position":"center center","background-size":"auto","background-attachment":"scroll","background-type":"","background-media":"","overlay-type":"","overlay-color":"","overlay-opacity":"","overlay-gradient":""}},"ast-content-background-meta":{"desktop":{"background-color":"var(--ast-global-color-4)","background-image":"","background-repeat":"repeat","background-position":"center center","background-size":"auto","background-attachment":"scroll","background-type":"","background-media":"","overlay-type":"","overlay-color":"","overlay-opacity":"","overlay-gradient":""},"tablet":{"background-color":"var(--ast-global-color-4)","background-image":"","background-repeat":"repeat","background-position":"center center","background-size":"auto","background-attachment":"scroll","background-type":"","background-media":"","overlay-type":"","overlay-color":"","overlay-opacity":"","overlay-gradient":""},"mobile":{"background-color":"var(--ast-global-color-4)","background-image":"","background-repeat":"repeat","background-position":"center center","background-size":"auto","background-attachment":"scroll","background-type":"","background-media":"","overlay-type":"","overlay-color":"","overlay-opacity":"","overlay-gradient":""}},"footnotes":""},"class_list":["post-211","page","type-page","status-publish","hentry"],"yoast_head":"<!-- This site is optimized with the Yoast SEO plugin v26.4 - https:\/\/yoast.com\/wordpress\/plugins\/seo\/ -->\n<title>Contact - Les Th\u00e9rapies d&#039;Eug\u00e9nie<\/title>\n<meta name=\"robots\" content=\"index, follow, max-snippet:-1, max-image-preview:large, max-video-preview:-1\" \/>\n<link rel=\"canonical\" href=\"http:\/\/lestherapiesdeugenie.com\/?page_id=211\" \/>\n<meta property=\"og:locale\" content=\"en_US\" \/>\n<meta property=\"og:type\" content=\"article\" \/>\n<meta property=\"og:title\" content=\"Contact - Les Th\u00e9rapies d&#039;Eug\u00e9nie\" \/>\n<meta property=\"og:description\" content=\"\u00c9changeons ensemble pour trouver l\u2019accompagnement qui vous correspond Vous souhaitez r\u00e9server une s\u00e9ance ou obtenir plus d\u2019informations sur mes prestations ? Je suis \u00e0 votre \u00e9coute pour r\u00e9pondre \u00e0 vos questions et vous orienter vers l\u2019approche la plus adapt\u00e9e \u00e0 votre situation. Chaque s\u00e9ance se d\u00e9roule uniquement sur rendez-vous, afin de vous offrir un temps enti\u00e8rement d\u00e9di\u00e9, dans un cadre serein et confidentiel. Comment me contacter T\u00e9l\u00e9phone : 06 11 88 18 02 E-mail : eugenie.kinesiologie13@gmail.com O\u00f9 je vous re\u00e7ois Cabinet : Espace Yogavana, 4 avenue de la P\u00e9tanque, 13600 La Ciotat Domicile : Je me d\u00e9place \u00e0 votre domicile Lundi 08h00 \u00e0 19h30 Mardi 08h00 \u00e0 19h30 Mercredi 08h00 \u00e0 19h30 Jeudi 08h00 \u00e0 19h30 Vendredi 08h00 \u00e0 19h30 Samedi Prise de rendez-vous possible Dimanche Prise de rendez-vous possible\" \/>\n<meta property=\"og:url\" content=\"http:\/\/lestherapiesdeugenie.com\/?page_id=211\" \/>\n<meta property=\"og:site_name\" content=\"Les Th\u00e9rapies d&#039;Eug\u00e9nie\" \/>\n<meta property=\"article:modified_time\" content=\"2025-09-24T12:40:17+00:00\" \/>\n<meta name=\"twitter:card\" content=\"summary_large_image\" \/>\n<meta name=\"twitter:label1\" content=\"Est. reading time\" \/>\n\t<meta name=\"twitter:data1\" content=\"1 minute\" \/>\n<script type=\"application\/ld+json\" class=\"yoast-schema-graph\">{\"@context\":\"https:\/\/schema.org\",\"@graph\":[{\"@type\":\"WebPage\",\"@id\":\"http:\/\/lestherapiesdeugenie.com\/?page_id=211\",\"url\":\"http:\/\/lestherapiesdeugenie.com\/?page_id=211\",\"name\":\"Contact - Les Th\u00e9rapies d&#039;Eug\u00e9nie\",\"isPartOf\":{\"@id\":\"http:\/\/lestherapiesdeugenie.com\/#website\"},\"datePublished\":\"2025-08-12T12:04:18+00:00\",\"dateModified\":\"2025-09-24T12:40:17+00:00\",\"breadcrumb\":{\"@id\":\"http:\/\/lestherapiesdeugenie.com\/?page_id=211#breadcrumb\"},\"inLanguage\":\"en-US\",\"potentialAction\":[{\"@type\":\"ReadAction\",\"target\":[\"http:\/\/lestherapiesdeugenie.com\/?page_id=211\"]}]},{\"@type\":\"BreadcrumbList\",\"@id\":\"http:\/\/lestherapiesdeugenie.com\/?page_id=211#breadcrumb\",\"itemListElement\":[{\"@type\":\"ListItem\",\"position\":1,\"name\":\"Accueil\",\"item\":\"http:\/\/lestherapiesdeugenie.com\/\"},{\"@type\":\"ListItem\",\"position\":2,\"name\":\"Contact\"}]},{\"@type\":\"WebSite\",\"@id\":\"http:\/\/lestherapiesdeugenie.com\/#website\",\"url\":\"http:\/\/lestherapiesdeugenie.com\/\",\"name\":\"Les Th\u00e9rapies d&#039;Eug\u00e9nie\",\"description\":\"\",\"publisher\":{\"@id\":\"http:\/\/lestherapiesdeugenie.com\/#organization\"},\"potentialAction\":[{\"@type\":\"SearchAction\",\"target\":{\"@type\":\"EntryPoint\",\"urlTemplate\":\"http:\/\/lestherapiesdeugenie.com\/?s={search_term_string}\"},\"query-input\":{\"@type\":\"PropertyValueSpecification\",\"valueRequired\":true,\"valueName\":\"search_term_string\"}}],\"inLanguage\":\"en-US\"},{\"@type\":\"Organization\",\"@id\":\"http:\/\/lestherapiesdeugenie.com\/#organization\",\"name\":\"Les Th\u00e9rapies d&#039;Eug\u00e9nie\",\"url\":\"http:\/\/lestherapiesdeugenie.com\/\",\"logo\":{\"@type\":\"ImageObject\",\"inLanguage\":\"en-US\",\"@id\":\"http:\/\/lestherapiesdeugenie.com\/#\/schema\/logo\/image\/\",\"url\":\"http:\/\/lestherapiesdeugenie.com\/wp-content\/uploads\/2025\/08\/cropped-logo-signature-les-therapies-deugenie-2-e1754995120415.png\",\"contentUrl\":\"http:\/\/lestherapiesdeugenie.com\/wp-content\/uploads\/2025\/08\/cropped-logo-signature-les-therapies-deugenie-2-e1754995120415.png\",\"width\":562,\"height\":233,\"caption\":\"Les Th\u00e9rapies d&#039;Eug\u00e9nie\"},\"image\":{\"@id\":\"http:\/\/lestherapiesdeugenie.com\/#\/schema\/logo\/image\/\"}}]}<\/script>\n<!-- \/ Yoast SEO plugin. -->","yoast_head_json":{"title":"Contact - Les Th\u00e9rapies d&#039;Eug\u00e9nie","robots":{"index":"index","follow":"follow","max-snippet":"max-snippet:-1","max-image-preview":"max-image-preview:large","max-video-preview":"max-video-preview:-1"},"canonical":"http:\/\/lestherapiesdeugenie.com\/?page_id=211","og_locale":"en_US","og_type":"article","og_title":"Contact - Les Th\u00e9rapies d&#039;Eug\u00e9nie","og_description":"\u00c9changeons ensemble pour trouver l\u2019accompagnement qui vous correspond Vous souhaitez r\u00e9server une s\u00e9ance ou obtenir plus d\u2019informations sur mes prestations ? Je suis \u00e0 votre \u00e9coute pour r\u00e9pondre \u00e0 vos questions et vous orienter vers l\u2019approche la plus adapt\u00e9e \u00e0 votre situation. Chaque s\u00e9ance se d\u00e9roule uniquement sur rendez-vous, afin de vous offrir un temps enti\u00e8rement d\u00e9di\u00e9, dans un cadre serein et confidentiel. Comment me contacter T\u00e9l\u00e9phone : 06 11 88 18 02 E-mail : eugenie.kinesiologie13@gmail.com O\u00f9 je vous re\u00e7ois Cabinet : Espace Yogavana, 4 avenue de la P\u00e9tanque, 13600 La Ciotat Domicile : Je me d\u00e9place \u00e0 votre domicile Lundi 08h00 \u00e0 19h30 Mardi 08h00 \u00e0 19h30 Mercredi 08h00 \u00e0 19h30 Jeudi 08h00 \u00e0 19h30 Vendredi 08h00 \u00e0 19h30 Samedi Prise de rendez-vous possible Dimanche Prise de rendez-vous possible","og_url":"http:\/\/lestherapiesdeugenie.com\/?page_id=211","og_site_name":"Les Th\u00e9rapies d&#039;Eug\u00e9nie","article_modified_time":"2025-09-24T12:40:17+00:00","twitter_card":"summary_large_image","twitter_misc":{"Est. reading time":"1 minute"},"schema":{"@context":"https:\/\/schema.org","@graph":[{"@type":"WebPage","@id":"http:\/\/lestherapiesdeugenie.com\/?page_id=211","url":"http:\/\/lestherapiesdeugenie.com\/?page_id=211","name":"Contact - Les Th\u00e9rapies d&#039;Eug\u00e9nie","isPartOf":{"@id":"http:\/\/lestherapiesdeugenie.com\/#website"},"datePublished":"2025-08-12T12:04:18+00:00","dateModified":"2025-09-24T12:40:17+00:00","breadcrumb":{"@id":"http:\/\/lestherapiesdeugenie.com\/?page_id=211#breadcrumb"},"inLanguage":"en-US","potentialAction":[{"@type":"ReadAction","target":["http:\/\/lestherapiesdeugenie.com\/?page_id=211"]}]},{"@type":"BreadcrumbList","@id":"http:\/\/lestherapiesdeugenie.com\/?page_id=211#breadcrumb","itemListElement":[{"@type":"ListItem","position":1,"name":"Accueil","item":"http:\/\/lestherapiesdeugenie.com\/"},{"@type":"ListItem","position":2,"name":"Contact"}]},{"@type":"WebSite","@id":"http:\/\/lestherapiesdeugenie.com\/#website","url":"http:\/\/lestherapiesdeugenie.com\/","name":"Les Th\u00e9rapies d&#039;Eug\u00e9nie","description":"","publisher":{"@id":"http:\/\/lestherapiesdeugenie.com\/#organization"},"potentialAction":[{"@type":"SearchAction","target":{"@type":"EntryPoint","urlTemplate":"http:\/\/lestherapiesdeugenie.com\/?s={search_term_string}"},"query-input":{"@type":"PropertyValueSpecification","valueRequired":true,"valueName":"search_term_string"}}],"inLanguage":"en-US"},{"@type":"Organization","@id":"http:\/\/lestherapiesdeugenie.com\/#organization","name":"Les Th\u00e9rapies d&#039;Eug\u00e9nie","url":"http:\/\/lestherapiesdeugenie.com\/","logo":{"@type":"ImageObject","inLanguage":"en-US","@id":"http:\/\/lestherapiesdeugenie.com\/#\/schema\/logo\/image\/","url":"http:\/\/lestherapiesdeugenie.com\/wp-content\/uploads\/2025\/08\/cropped-logo-signature-les-therapies-deugenie-2-e1754995120415.png","contentUrl":"http:\/\/lestherapiesdeugenie.com\/wp-content\/uploads\/2025\/08\/cropped-logo-signature-les-therapies-deugenie-2-e1754995120415.png","width":562,"height":233,"caption":"Les Th\u00e9rapies d&#039;Eug\u00e9nie"},"image":{"@id":"http:\/\/lestherapiesdeugenie.com\/#\/schema\/logo\/image\/"}}]}},"_links":{"self":[{"href":"http:\/\/lestherapiesdeugenie.com\/index.php?rest_route=\/wp\/v2\/pages\/211","targetHints":{"allow":["GET"]}}],"collection":[{"href":"http:\/\/lestherapiesdeugenie.com\/index.php?rest_route=\/wp\/v2\/pages"}],"about":[{"href":"http:\/\/lestherapiesdeugenie.com\/index.php?rest_route=\/wp\/v2\/types\/page"}],"author":[{"embeddable":true,"href":"http:\/\/lestherapiesdeugenie.com\/index.php?rest_route=\/wp\/v2\/users\/1"}],"replies":[{"embeddable":true,"href":"http:\/\/lestherapiesdeugenie.com\/index.php?rest_route=%2Fwp%2Fv2%2Fcomments&post=211"}],"version-history":[{"count":43,"href":"http:\/\/lestherapiesdeugenie.com\/index.php?rest_route=\/wp\/v2\/pages\/211\/revisions"}],"predecessor-version":[{"id":640,"href":"http:\/\/lestherapiesdeugenie.com\/index.php?rest_route=\/wp\/v2\/pages\/211\/revisions\/640"}],"wp:attachment":[{"href":"http:\/\/lestherapiesdeugenie.com\/index.php?rest_route=%2Fwp%2Fv2%2Fmedia&parent=211"}],"curies":[{"name":"wp","href":"https:\/\/api.w.org\/{rel}","templated":true}]}}